{"id":6946,"date":"2025-10-28T17:43:18","date_gmt":"2025-10-28T17:43:18","guid":{"rendered":"https:\/\/restaurantedesacato.com\/?page_id=6946"},"modified":"2026-01-13T17:39:48","modified_gmt":"2026-01-13T17:39:48","slug":"carta-con-menu-de-navidad-2025","status":"publish","type":"page","link":"https:\/\/restaurantedesacato.com\/en\/carta-con-menu-de-navidad-2025\/","title":{"rendered":"Carta con men\u00fa de navidad 2025"},"content":{"rendered":"\t\t<div data-elementor-type=\"wp-page\" data-elementor-id=\"6946\" class=\"elementor elementor-6946\" data-elementor-post-type=\"page\">\n\t\t\t\t\t\t<section class=\"elementor-section elementor-top-section elementor-element elementor-element-8445402 elementor-section-boxed elementor-section-height-default elementor-section-height-default\" data-id=\"8445402\" data-element_type=\"section\" data-e-type=\"section\">\n\t\t\t\t\t\t<div class=\"elementor-container elementor-column-gap-default\">\n\t\t\t\t\t<div class=\"elementor-column elementor-col-100 elementor-top-column elementor-element elementor-element-79ab62a\" data-id=\"79ab62a\" data-element_type=\"column\" data-e-type=\"column\">\n\t\t\t<div class=\"elementor-widget-wrap elementor-element-populated\">\n\t\t\t\t\t\t<section class=\"elementor-section elementor-inner-section elementor-element elementor-element-6fb7997 elementor-section-boxed elementor-section-height-default elementor-section-height-default\" data-id=\"6fb7997\" data-element_type=\"section\" data-e-type=\"section\">\n\t\t\t\t\t\t<div class=\"elementor-container elementor-column-gap-default\">\n\t\t\t\t\t<div class=\"elementor-column elementor-col-33 elementor-inner-column elementor-element elementor-element-8252b48 animated-fast elementor-invisible\" data-id=\"8252b48\" data-element_type=\"column\" data-e-type=\"column\" data-settings=\"{&quot;animation&quot;:&quot;slideInDown&quot;,&quot;animation_delay&quot;:300}\">\n\t\t\t<div class=\"elementor-widget-wrap elementor-element-populated\">\n\t\t\t\t\t\t<div class=\"elementor-element elementor-element-015e19d elementor-align-center elementor-widget elementor-widget-button\" data-id=\"015e19d\" data-element_type=\"widget\" data-e-type=\"widget\" data-widget_type=\"button.default\">\n\t\t\t\t<div class=\"elementor-widget-container\">\n\t\t\t\t\t\t\t\t\t<div class=\"elementor-button-wrapper\">\n\t\t\t\t\t<a class=\"elementor-button elementor-button-link elementor-size-sm elementor-animation-grow\" href=\"https:\/\/restaurantedesacato.com\/en\/carta-de-comidas\/\">\n\t\t\t\t\t\t<span class=\"elementor-button-content-wrapper\">\n\t\t\t\t\t\t\t\t\t<span class=\"elementor-button-text\">COMIDA<\/span>\n\t\t\t\t\t<\/span>\n\t\t\t\t\t<\/a>\n\t\t\t\t<\/div>\n\t\t\t\t\t\t\t\t<\/div>\n\t\t\t\t<\/div>\n\t\t\t\t\t<\/div>\n\t\t<\/div>\n\t\t\t\t<div class=\"elementor-column elementor-col-33 elementor-inner-column elementor-element elementor-element-cae927c animated-fast elementor-invisible\" data-id=\"cae927c\" data-element_type=\"column\" data-e-type=\"column\" data-settings=\"{&quot;animation&quot;:&quot;slideInDown&quot;,&quot;animation_delay&quot;:300}\">\n\t\t\t<div class=\"elementor-widget-wrap elementor-element-populated\">\n\t\t\t\t\t\t<div class=\"elementor-element elementor-element-7ebfb5c elementor-align-center elementor-hidden-desktop elementor-hidden-tablet elementor-hidden-mobile elementor-widget elementor-widget-button\" data-id=\"7ebfb5c\" data-element_type=\"widget\" data-e-type=\"widget\" data-widget_type=\"button.default\">\n\t\t\t\t<div class=\"elementor-widget-container\">\n\t\t\t\t\t\t\t\t\t<div class=\"elementor-button-wrapper\">\n\t\t\t\t\t<a class=\"elementor-button elementor-button-link elementor-size-sm elementor-animation-grow\" href=\"https:\/\/restaurantedesacato.com\/wp-content\/uploads\/2025\/12\/Menu-findeano-copia.pdf\" target=\"_blank\">\n\t\t\t\t\t\t<span class=\"elementor-button-content-wrapper\">\n\t\t\t\t\t\t\t\t\t<span class=\"elementor-button-text\">MEN\u00da FIN DE A\u00d1O<\/span>\n\t\t\t\t\t<\/span>\n\t\t\t\t\t<\/a>\n\t\t\t\t<\/div>\n\t\t\t\t\t\t\t\t<\/div>\n\t\t\t\t<\/div>\n\t\t\t\t\t<\/div>\n\t\t<\/div>\n\t\t\t\t<div class=\"elementor-column elementor-col-33 elementor-inner-column elementor-element elementor-element-cc04438 elementor-invisible\" data-id=\"cc04438\" data-element_type=\"column\" data-e-type=\"column\" data-settings=\"{&quot;animation&quot;:&quot;slideInDown&quot;,&quot;animation_delay&quot;:300}\">\n\t\t\t<div class=\"elementor-widget-wrap elementor-element-populated\">\n\t\t\t\t\t\t<div class=\"elementor-element elementor-element-56b5680 elementor-align-center elementor-widget elementor-widget-button\" data-id=\"56b5680\" data-element_type=\"widget\" data-e-type=\"widget\" data-widget_type=\"button.default\">\n\t\t\t\t<div class=\"elementor-widget-container\">\n\t\t\t\t\t\t\t\t\t<div class=\"elementor-button-wrapper\">\n\t\t\t\t\t<a class=\"elementor-button elementor-button-link elementor-size-sm elementor-animation-grow\" href=\"https:\/\/restaurantedesacato.com\/en\/carta-de-bebidas\/\">\n\t\t\t\t\t\t<span class=\"elementor-button-content-wrapper\">\n\t\t\t\t\t\t\t\t\t<span class=\"elementor-button-text\">&nbsp;&nbsp;VINOS&nbsp;&nbsp;<\/span>\n\t\t\t\t\t<\/span>\n\t\t\t\t\t<\/a>\n\t\t\t\t<\/div>\n\t\t\t\t\t\t\t\t<\/div>\n\t\t\t\t<\/div>\n\t\t\t\t\t<\/div>\n\t\t<\/div>\n\t\t\t\t\t<\/div>\n\t\t<\/section>\n\t\t\t\t\t<\/div>\n\t\t<\/div>\n\t\t\t\t\t<\/div>\n\t\t<\/section>\n\t\t\t\t<section class=\"elementor-section elementor-top-section elementor-element elementor-element-00aa54f elementor-section-boxed elementor-section-height-default elementor-section-height-default\" data-id=\"00aa54f\" data-element_type=\"section\" data-e-type=\"section\">\n\t\t\t\t\t\t<div class=\"elementor-container elementor-column-gap-default\">\n\t\t\t\t\t<div class=\"elementor-column elementor-col-100 elementor-top-column elementor-element elementor-element-800e51a\" data-id=\"800e51a\" data-element_type=\"column\" data-e-type=\"column\">\n\t\t\t<div class=\"elementor-widget-wrap elementor-element-populated\">\n\t\t\t\t\t\t<div class=\"elementor-element elementor-element-621ba10 elementor-hidden-desktop elementor-hidden-tablet elementor-hidden-mobile elementor-widget elementor-widget-heading\" data-id=\"621ba10\" data-element_type=\"widget\" data-e-type=\"widget\" data-widget_type=\"heading.default\">\n\t\t\t\t<div class=\"elementor-widget-container\">\n\t\t\t\t\t<h2 class=\"elementor-heading-title elementor-size-default\"><a href=\"https:\/\/restaurantedesacato.com\/wp-content\/uploads\/2025\/10\/Menu-navidad-desacato2025-1.pdf\" target=\"_blank\">Descargar Carta Comida de Navidad [pdf]<\/a><\/h2>\t\t\t\t<\/div>\n\t\t\t\t<\/div>\n\t\t\t\t\t<\/div>\n\t\t<\/div>\n\t\t\t\t\t<\/div>\n\t\t<\/section>\n\t\t\t\t<\/div>\n\t\t","protected":false},"excerpt":{"rendered":"<p>COMIDA MEN\u00da FIN DE A\u00d1O &nbsp;&nbsp;VINOS&nbsp;&nbsp; Descargar Carta Comida de Navidad [pdf]<\/p>\n","protected":false},"author":8,"featured_media":0,"parent":0,"menu_order":0,"comment_status":"closed","ping_status":"closed","template":"elementor_header_footer","meta":{"footnotes":""},"class_list":["post-6946","page","type-page","status-publish","hentry"],"yoast_head":"<!-- This site is optimized with the Yoast SEO plugin v27.4 - https:\/\/yoast.com\/product\/yoast-seo-wordpress\/ -->\n<title>Carta con men\u00fa de navidad 2025 - Desacato<\/title>\n<meta name=\"robots\" content=\"index, follow, max-snippet:-1, max-image-preview:large, max-video-preview:-1\" \/>\n<link rel=\"canonical\" href=\"https:\/\/restaurantedesacato.com\/en\/carta-con-menu-de-navidad-2025\/\" \/>\n<meta property=\"og:locale\" content=\"en_GB\" \/>\n<meta property=\"og:type\" content=\"article\" \/>\n<meta property=\"og:title\" content=\"Carta con men\u00fa de navidad 2025 - Desacato\" \/>\n<meta property=\"og:description\" content=\"COMIDA MEN\u00da FIN DE A\u00d1O &nbsp;&nbsp;VINOS&nbsp;&nbsp; Descargar Carta Comida de Navidad [pdf]\" \/>\n<meta property=\"og:url\" content=\"https:\/\/restaurantedesacato.com\/en\/carta-con-menu-de-navidad-2025\/\" \/>\n<meta property=\"og:site_name\" content=\"Desacato\" \/>\n<meta property=\"article:publisher\" content=\"https:\/\/www.facebook.com\/restaurante.desacato\" \/>\n<meta property=\"article:modified_time\" content=\"2026-01-13T17:39:48+00:00\" \/>\n<meta name=\"twitter:card\" content=\"summary_large_image\" \/>\n<meta name=\"twitter:label1\" content=\"Estimated reading time\" \/>\n\t<meta name=\"twitter:data1\" content=\"1 minute\" \/>\n<script type=\"application\/ld+json\" class=\"yoast-schema-graph\">{\"@context\":\"https:\\\/\\\/schema.org\",\"@graph\":[{\"@type\":\"WebPage\",\"@id\":\"https:\\\/\\\/restaurantedesacato.com\\\/carta-con-menu-de-navidad-2025\\\/\",\"url\":\"https:\\\/\\\/restaurantedesacato.com\\\/carta-con-menu-de-navidad-2025\\\/\",\"name\":\"Carta con men\u00fa de navidad 2025 - Desacato\",\"isPartOf\":{\"@id\":\"https:\\\/\\\/restaurantedesac-6y86pgnv08.live-website.com\\\/#website\"},\"datePublished\":\"2025-10-28T17:43:18+00:00\",\"dateModified\":\"2026-01-13T17:39:48+00:00\",\"breadcrumb\":{\"@id\":\"https:\\\/\\\/restaurantedesacato.com\\\/carta-con-menu-de-navidad-2025\\\/#breadcrumb\"},\"inLanguage\":\"en-GB\",\"potentialAction\":[{\"@type\":\"ReadAction\",\"target\":[\"https:\\\/\\\/restaurantedesacato.com\\\/carta-con-menu-de-navidad-2025\\\/\"]}]},{\"@type\":\"BreadcrumbList\",\"@id\":\"https:\\\/\\\/restaurantedesacato.com\\\/carta-con-menu-de-navidad-2025\\\/#breadcrumb\",\"itemListElement\":[{\"@type\":\"ListItem\",\"position\":1,\"name\":\"Portada\",\"item\":\"https:\\\/\\\/restaurantedesacato.com\\\/\"},{\"@type\":\"ListItem\",\"position\":2,\"name\":\"Carta con men\u00fa de navidad 2025\"}]},{\"@type\":\"WebSite\",\"@id\":\"https:\\\/\\\/restaurantedesac-6y86pgnv08.live-website.com\\\/#website\",\"url\":\"https:\\\/\\\/restaurantedesac-6y86pgnv08.live-website.com\\\/\",\"name\":\"Desacato\",\"description\":\"Cocina Irreverente\",\"publisher\":{\"@id\":\"https:\\\/\\\/restaurantedesac-6y86pgnv08.live-website.com\\\/#organization\"},\"potentialAction\":[{\"@type\":\"SearchAction\",\"target\":{\"@type\":\"EntryPoint\",\"urlTemplate\":\"https:\\\/\\\/restaurantedesac-6y86pgnv08.live-website.com\\\/?s={search_term_string}\"},\"query-input\":{\"@type\":\"PropertyValueSpecification\",\"valueRequired\":true,\"valueName\":\"search_term_string\"}}],\"inLanguage\":\"en-GB\"},{\"@type\":\"Organization\",\"@id\":\"https:\\\/\\\/restaurantedesac-6y86pgnv08.live-website.com\\\/#organization\",\"name\":\"Desacato Restaurante\",\"url\":\"https:\\\/\\\/restaurantedesac-6y86pgnv08.live-website.com\\\/\",\"logo\":{\"@type\":\"ImageObject\",\"inLanguage\":\"en-GB\",\"@id\":\"https:\\\/\\\/restaurantedesac-6y86pgnv08.live-website.com\\\/#\\\/schema\\\/logo\\\/image\\\/\",\"url\":\"https:\\\/\\\/restaurantedesacato.com\\\/wp-content\\\/uploads\\\/2021\\\/11\\\/logo-iso.png\",\"contentUrl\":\"https:\\\/\\\/restaurantedesacato.com\\\/wp-content\\\/uploads\\\/2021\\\/11\\\/logo-iso.png\",\"width\":512,\"height\":512,\"caption\":\"Desacato Restaurante\"},\"image\":{\"@id\":\"https:\\\/\\\/restaurantedesac-6y86pgnv08.live-website.com\\\/#\\\/schema\\\/logo\\\/image\\\/\"},\"sameAs\":[\"https:\\\/\\\/www.facebook.com\\\/restaurante.desacato\",\"https:\\\/\\\/www.instagram.com\\\/desacato.restaurante\\\/\"]}]}<\/script>\n<!-- \/ Yoast SEO plugin. -->","yoast_head_json":{"title":"Carta con men\u00fa de navidad 2025 - Desacato","robots":{"index":"index","follow":"follow","max-snippet":"max-snippet:-1","max-image-preview":"max-image-preview:large","max-video-preview":"max-video-preview:-1"},"canonical":"https:\/\/restaurantedesacato.com\/en\/carta-con-menu-de-navidad-2025\/","og_locale":"en_GB","og_type":"article","og_title":"Carta con men\u00fa de navidad 2025 - Desacato","og_description":"COMIDA MEN\u00da FIN DE A\u00d1O &nbsp;&nbsp;VINOS&nbsp;&nbsp; Descargar Carta Comida de Navidad [pdf]","og_url":"https:\/\/restaurantedesacato.com\/en\/carta-con-menu-de-navidad-2025\/","og_site_name":"Desacato","article_publisher":"https:\/\/www.facebook.com\/restaurante.desacato","article_modified_time":"2026-01-13T17:39:48+00:00","twitter_card":"summary_large_image","twitter_misc":{"Estimated reading time":"1 minute"},"schema":{"@context":"https:\/\/schema.org","@graph":[{"@type":"WebPage","@id":"https:\/\/restaurantedesacato.com\/carta-con-menu-de-navidad-2025\/","url":"https:\/\/restaurantedesacato.com\/carta-con-menu-de-navidad-2025\/","name":"Carta con men\u00fa de navidad 2025 - Desacato","isPartOf":{"@id":"https:\/\/restaurantedesac-6y86pgnv08.live-website.com\/#website"},"datePublished":"2025-10-28T17:43:18+00:00","dateModified":"2026-01-13T17:39:48+00:00","breadcrumb":{"@id":"https:\/\/restaurantedesacato.com\/carta-con-menu-de-navidad-2025\/#breadcrumb"},"inLanguage":"en-GB","potentialAction":[{"@type":"ReadAction","target":["https:\/\/restaurantedesacato.com\/carta-con-menu-de-navidad-2025\/"]}]},{"@type":"BreadcrumbList","@id":"https:\/\/restaurantedesacato.com\/carta-con-menu-de-navidad-2025\/#breadcrumb","itemListElement":[{"@type":"ListItem","position":1,"name":"Portada","item":"https:\/\/restaurantedesacato.com\/"},{"@type":"ListItem","position":2,"name":"Carta con men\u00fa de navidad 2025"}]},{"@type":"WebSite","@id":"https:\/\/restaurantedesac-6y86pgnv08.live-website.com\/#website","url":"https:\/\/restaurantedesac-6y86pgnv08.live-website.com\/","name":"Desacato","description":"Cocina Irreverente","publisher":{"@id":"https:\/\/restaurantedesac-6y86pgnv08.live-website.com\/#organization"},"potentialAction":[{"@type":"SearchAction","target":{"@type":"EntryPoint","urlTemplate":"https:\/\/restaurantedesac-6y86pgnv08.live-website.com\/?s={search_term_string}"},"query-input":{"@type":"PropertyValueSpecification","valueRequired":true,"valueName":"search_term_string"}}],"inLanguage":"en-GB"},{"@type":"Organization","@id":"https:\/\/restaurantedesac-6y86pgnv08.live-website.com\/#organization","name":"Desacato Restaurante","url":"https:\/\/restaurantedesac-6y86pgnv08.live-website.com\/","logo":{"@type":"ImageObject","inLanguage":"en-GB","@id":"https:\/\/restaurantedesac-6y86pgnv08.live-website.com\/#\/schema\/logo\/image\/","url":"https:\/\/restaurantedesacato.com\/wp-content\/uploads\/2021\/11\/logo-iso.png","contentUrl":"https:\/\/restaurantedesacato.com\/wp-content\/uploads\/2021\/11\/logo-iso.png","width":512,"height":512,"caption":"Desacato Restaurante"},"image":{"@id":"https:\/\/restaurantedesac-6y86pgnv08.live-website.com\/#\/schema\/logo\/image\/"},"sameAs":["https:\/\/www.facebook.com\/restaurante.desacato","https:\/\/www.instagram.com\/desacato.restaurante\/"]}]}},"_links":{"self":[{"href":"https:\/\/restaurantedesacato.com\/en\/wp-json\/wp\/v2\/pages\/6946","targetHints":{"allow":["GET"]}}],"collection":[{"href":"https:\/\/restaurantedesacato.com\/en\/wp-json\/wp\/v2\/pages"}],"about":[{"href":"https:\/\/restaurantedesacato.com\/en\/wp-json\/wp\/v2\/types\/page"}],"author":[{"embeddable":true,"href":"https:\/\/restaurantedesacato.com\/en\/wp-json\/wp\/v2\/users\/8"}],"replies":[{"embeddable":true,"href":"https:\/\/restaurantedesacato.com\/en\/wp-json\/wp\/v2\/comments?post=6946"}],"version-history":[{"count":53,"href":"https:\/\/restaurantedesacato.com\/en\/wp-json\/wp\/v2\/pages\/6946\/revisions"}],"predecessor-version":[{"id":7458,"href":"https:\/\/restaurantedesacato.com\/en\/wp-json\/wp\/v2\/pages\/6946\/revisions\/7458"}],"wp:attachment":[{"href":"https:\/\/restaurantedesacato.com\/en\/wp-json\/wp\/v2\/media?parent=6946"}],"curies":[{"name":"wp","href":"https:\/\/api.w.org\/{rel}","templated":true}]}}