{"id":640,"date":"2021-12-10T10:07:23","date_gmt":"2021-12-10T10:07:23","guid":{"rendered":"https:\/\/restaurantedesacato.com\/?page_id=640"},"modified":"2021-12-10T10:58:16","modified_gmt":"2021-12-10T10:58:16","slug":"aviso-legal","status":"publish","type":"page","link":"https:\/\/restaurantedesacato.com\/en\/aviso-legal\/","title":{"rendered":"Aviso Legal"},"content":{"rendered":"<div data-elementor-type=\"wp-page\" data-elementor-id=\"640\" class=\"elementor elementor-640\" data-elementor-post-type=\"page\">\n\t\t\t\t\t\t<section class=\"elementor-section elementor-top-section elementor-element elementor-element-ac0b730 elementor-section-stretched elementor-section-boxed elementor-section-height-default elementor-section-height-default\" data-id=\"ac0b730\" data-element_type=\"section\" data-e-type=\"section\" data-settings=\"{&quot;stretch_section&quot;:&quot;section-stretched&quot;}\">\n\t\t\t\t\t\t<div class=\"elementor-container elementor-column-gap-default\">\n\t\t\t\t\t<div class=\"elementor-column elementor-col-100 elementor-top-column elementor-element elementor-element-5140f41\" data-id=\"5140f41\" data-element_type=\"column\" data-e-type=\"column\">\n\t\t\t<div class=\"elementor-widget-wrap elementor-element-populated\">\n\t\t\t\t\t\t<div class=\"elementor-element elementor-element-84b19ef elementor-widget elementor-widget-heading\" data-id=\"84b19ef\" data-element_type=\"widget\" data-e-type=\"widget\" data-widget_type=\"heading.default\">\n\t\t\t\t<div class=\"elementor-widget-container\">\n\t\t\t\t\t<h2 class=\"elementor-heading-title elementor-size-default\">Aviso Legal<\/h2>\t\t\t\t<\/div>\n\t\t\t\t<\/div>\n\t\t\t\t\t<\/div>\n\t\t<\/div>\n\t\t\t\t\t<\/div>\n\t\t<\/section>\n\t\t\t\t<section class=\"elementor-section elementor-top-section elementor-element elementor-element-15dda27 elementor-section-stretched elementor-section-boxed elementor-section-height-default elementor-section-height-default\" data-id=\"15dda27\" data-element_type=\"section\" data-e-type=\"section\" data-settings=\"{&quot;stretch_section&quot;:&quot;section-stretched&quot;}\">\n\t\t\t\t\t\t<div class=\"elementor-container elementor-column-gap-default\">\n\t\t\t\t\t<div class=\"elementor-column elementor-col-100 elementor-top-column elementor-element elementor-element-acf61fb\" data-id=\"acf61fb\" data-element_type=\"column\" data-e-type=\"column\">\n\t\t\t<div class=\"elementor-widget-wrap elementor-element-populated\">\n\t\t\t\t\t\t<div class=\"elementor-element elementor-element-a349283 elementor-widget elementor-widget-text-editor\" data-id=\"a349283\" data-element_type=\"widget\" data-e-type=\"widget\" data-widget_type=\"text-editor.default\">\n\t\t\t\t<div class=\"elementor-widget-container\">\n\t\t\t\t\t\t\t\t\t<h6><strong>DATOS IDENTIFICATIVOS DEL PRESTADOR DE SERVICIOS DE LA SOCIEDAD DE LA INFORMACI\u00d3N.<\/strong><\/h6><p><span style=\"color: #333333;\">En cumplimiento con el deber de informaci\u00f3n recogido en art\u00edculo 10 de la Ley 34\/2002, de 11 de julio, de Servicios de la Sociedad de la Informaci\u00f3n y del Comercio Electr\u00f3nico, a continuaci\u00f3n se reflejan los siguientes datos: la empresa<\/span> <strong>BALBONGASTRONOM\u00cdA, S.L<\/strong>, <span style=\"color: #333333;\">con domicilio a estos efectos en AVDA REP\u00daBLICA ARGENTINA 22\u00a0 <i data-stringify-type=\"italic\">\u00a041011 \u2013 SEVILLA (SEVILLA)<\/i>, Espa\u00f1a. n\u00famero de\u00a0<i data-stringify-type=\"italic\">CIF: B-<\/i> 16957318 Con su correo electr\u00f3nico<\/span> <a href=\"mailto:info@desacatorestaurante.com\">info@desacatorestaurante.com<\/a> <span style=\"color: #333333;\">del sitio web.<\/span><\/p><h6><strong>ACEPTACI\u00d3N Y VIGENCIA DE LAS CONDICIONES GENERALES Y PARTICULARES.<\/strong><\/h6><p><span style=\"color: #333333;\">Tanto la navegaci\u00f3n como la utilizaci\u00f3n y\/o pedido de cualesquiera de los productos ofrecidos en esta p\u00e1gina Web le atribuye a Ud. la condici\u00f3n de Usuario y supone su aceptaci\u00f3n plena y sin reservas de todas y cada una de las Condiciones Generales y, en su caso, Particulares vigentes en el momento en que Ud. como Usuario acceda a la p\u00e1gina Web.<\/span><\/p><h6><strong>DERECHOS DE LA PROPIEDAD INDUSTRIAL E INTELECTUAL.<\/strong><\/h6><p><span style=\"color: #333333;\">Todos los derechos de propiedad industrial e intelectual del sitio web agenciajumpers.com y sus contenidos; im\u00e1genes, logotipos, estructuras, dise\u00f1os, etc., pertenecen a<\/span> <strong>BALBONGASTRONOM\u00cdA, S.L.<\/strong>\u00a0<span style=\"color: #333333;\">y est\u00e1n protegidos por las leyes y los tratados internacionales relativos a los derechos de propiedad industrial e intelectual. Cualquier forma de reproducci\u00f3n, distribuci\u00f3n, traducci\u00f3n, modificaci\u00f3n, adaptaci\u00f3n u otro uso del contenido web por cualquier forma o medio (mec\u00e1nico, electr\u00f3nico, etc.) sin el consentimiento previo de Jumpers Comunicaci\u00f3n S.L. est\u00e1n totalmente prohibidos y podr\u00edan dar lugar a procedimientos legales posteriores.<\/span><\/p><p><strong>BALBONGASTRONOM\u00cdA, S.L.<\/strong>\u00a0<span style=\"color: #333333;\">se reserva el derecho a ampliar y modificar unilateralmente, en cualquier momento y sin previo aviso, la presentaci\u00f3n, configuraci\u00f3n y contenidos de la p\u00e1gina Web, as\u00ed como suspender temporalmente la presentaci\u00f3n, configuraci\u00f3n, especificaciones t\u00e9cnicas y servicios del sitio web, de la misma forma.<\/span><\/p>\t\t\t\t\t\t\t\t<\/div>\n\t\t\t\t<\/div>\n\t\t\t\t<div class=\"elementor-element elementor-element-e115876 elementor-widget elementor-widget-spacer\" data-id=\"e115876\" data-element_type=\"widget\" data-e-type=\"widget\" data-widget_type=\"spacer.default\">\n\t\t\t\t<div class=\"elementor-widget-container\">\n\t\t\t\t\t\t\t<div class=\"elementor-spacer\">\n\t\t\t<div class=\"elementor-spacer-inner\"><\/div>\n\t\t<\/div>\n\t\t\t\t\t\t<\/div>\n\t\t\t\t<\/div>\n\t\t\t\t\t<\/div>\n\t\t<\/div>\n\t\t\t\t\t<\/div>\n\t\t<\/section>\n\t\t\t\t<\/div>","protected":false},"excerpt":{"rendered":"<p>Aviso Legal DATOS IDENTIFICATIVOS DEL PRESTADOR DE SERVICIOS DE LA SOCIEDAD DE LA INFORMACI\u00d3N. En cumplimiento con el deber de informaci\u00f3n recogido en art\u00edculo 10 de la Ley 34\/2002, de 11 de julio, de Servicios de la Sociedad de la Informaci\u00f3n y del Comercio Electr\u00f3nico, a continuaci\u00f3n se reflejan los siguientes datos: la empresa BALBONGASTRONOM\u00cdA, [&hellip;]<\/p>\n","protected":false},"author":7,"featured_media":0,"parent":0,"menu_order":0,"comment_status":"closed","ping_status":"closed","template":"","meta":{"footnotes":""},"class_list":["post-640","page","type-page","status-publish","hentry"],"yoast_head":"<!-- This site is optimized with the Yoast SEO plugin v27.3 - https:\/\/yoast.com\/product\/yoast-seo-wordpress\/ -->\n<title>Aviso Legal - Desacato<\/title>\n<meta name=\"robots\" content=\"index, follow, max-snippet:-1, max-image-preview:large, max-video-preview:-1\" \/>\n<link rel=\"canonical\" href=\"https:\/\/restaurantedesac-6y86pgnv08.live-website.com\/aviso-legal\/\" \/>\n<meta property=\"og:locale\" content=\"en_GB\" \/>\n<meta property=\"og:type\" content=\"article\" \/>\n<meta property=\"og:title\" content=\"Aviso Legal - Desacato\" \/>\n<meta property=\"og:description\" content=\"Aviso Legal DATOS IDENTIFICATIVOS DEL PRESTADOR DE SERVICIOS DE LA SOCIEDAD DE LA INFORMACI\u00d3N. En cumplimiento con el deber de informaci\u00f3n recogido en art\u00edculo 10 de la Ley 34\/2002, de 11 de julio, de Servicios de la Sociedad de la Informaci\u00f3n y del Comercio Electr\u00f3nico, a continuaci\u00f3n se reflejan los siguientes datos: la empresa BALBONGASTRONOM\u00cdA, [&hellip;]\" \/>\n<meta property=\"og:url\" content=\"https:\/\/restaurantedesac-6y86pgnv08.live-website.com\/aviso-legal\/\" \/>\n<meta property=\"og:site_name\" content=\"Desacato\" \/>\n<meta property=\"article:publisher\" content=\"https:\/\/www.facebook.com\/restaurante.desacato\" \/>\n<meta property=\"article:modified_time\" content=\"2021-12-10T10:58:16+00:00\" \/>\n<meta name=\"twitter:card\" content=\"summary_large_image\" \/>\n<meta name=\"twitter:label1\" content=\"Estimated reading time\" \/>\n\t<meta name=\"twitter:data1\" content=\"2 minutes\" \/>\n<script type=\"application\/ld+json\" class=\"yoast-schema-graph\">{\"@context\":\"https:\\\/\\\/schema.org\",\"@graph\":[{\"@type\":\"WebPage\",\"@id\":\"https:\\\/\\\/restaurantedesac-6y86pgnv08.live-website.com\\\/aviso-legal\\\/\",\"url\":\"https:\\\/\\\/restaurantedesac-6y86pgnv08.live-website.com\\\/aviso-legal\\\/\",\"name\":\"Aviso Legal - Desacato\",\"isPartOf\":{\"@id\":\"https:\\\/\\\/restaurantedesac-6y86pgnv08.live-website.com\\\/#website\"},\"datePublished\":\"2021-12-10T10:07:23+00:00\",\"dateModified\":\"2021-12-10T10:58:16+00:00\",\"breadcrumb\":{\"@id\":\"https:\\\/\\\/restaurantedesac-6y86pgnv08.live-website.com\\\/aviso-legal\\\/#breadcrumb\"},\"inLanguage\":\"en-GB\",\"potentialAction\":[{\"@type\":\"ReadAction\",\"target\":[\"https:\\\/\\\/restaurantedesac-6y86pgnv08.live-website.com\\\/aviso-legal\\\/\"]}]},{\"@type\":\"BreadcrumbList\",\"@id\":\"https:\\\/\\\/restaurantedesac-6y86pgnv08.live-website.com\\\/aviso-legal\\\/#breadcrumb\",\"itemListElement\":[{\"@type\":\"ListItem\",\"position\":1,\"name\":\"Portada\",\"item\":\"https:\\\/\\\/restaurantedesacato.com\\\/\"},{\"@type\":\"ListItem\",\"position\":2,\"name\":\"Aviso Legal\"}]},{\"@type\":\"WebSite\",\"@id\":\"https:\\\/\\\/restaurantedesac-6y86pgnv08.live-website.com\\\/#website\",\"url\":\"https:\\\/\\\/restaurantedesac-6y86pgnv08.live-website.com\\\/\",\"name\":\"Desacato\",\"description\":\"Cocina Irreverente\",\"publisher\":{\"@id\":\"https:\\\/\\\/restaurantedesac-6y86pgnv08.live-website.com\\\/#organization\"},\"potentialAction\":[{\"@type\":\"SearchAction\",\"target\":{\"@type\":\"EntryPoint\",\"urlTemplate\":\"https:\\\/\\\/restaurantedesac-6y86pgnv08.live-website.com\\\/?s={search_term_string}\"},\"query-input\":{\"@type\":\"PropertyValueSpecification\",\"valueRequired\":true,\"valueName\":\"search_term_string\"}}],\"inLanguage\":\"en-GB\"},{\"@type\":\"Organization\",\"@id\":\"https:\\\/\\\/restaurantedesac-6y86pgnv08.live-website.com\\\/#organization\",\"name\":\"Desacato Restaurante\",\"url\":\"https:\\\/\\\/restaurantedesac-6y86pgnv08.live-website.com\\\/\",\"logo\":{\"@type\":\"ImageObject\",\"inLanguage\":\"en-GB\",\"@id\":\"https:\\\/\\\/restaurantedesac-6y86pgnv08.live-website.com\\\/#\\\/schema\\\/logo\\\/image\\\/\",\"url\":\"https:\\\/\\\/restaurantedesacato.com\\\/wp-content\\\/uploads\\\/2021\\\/11\\\/logo-iso.png\",\"contentUrl\":\"https:\\\/\\\/restaurantedesacato.com\\\/wp-content\\\/uploads\\\/2021\\\/11\\\/logo-iso.png\",\"width\":512,\"height\":512,\"caption\":\"Desacato Restaurante\"},\"image\":{\"@id\":\"https:\\\/\\\/restaurantedesac-6y86pgnv08.live-website.com\\\/#\\\/schema\\\/logo\\\/image\\\/\"},\"sameAs\":[\"https:\\\/\\\/www.facebook.com\\\/restaurante.desacato\",\"https:\\\/\\\/www.instagram.com\\\/desacato.restaurante\\\/\"]}]}<\/script>\n<!-- \/ Yoast SEO plugin. -->","yoast_head_json":{"title":"Aviso Legal - Desacato","robots":{"index":"index","follow":"follow","max-snippet":"max-snippet:-1","max-image-preview":"max-image-preview:large","max-video-preview":"max-video-preview:-1"},"canonical":"https:\/\/restaurantedesac-6y86pgnv08.live-website.com\/aviso-legal\/","og_locale":"en_GB","og_type":"article","og_title":"Aviso Legal - Desacato","og_description":"Aviso Legal DATOS IDENTIFICATIVOS DEL PRESTADOR DE SERVICIOS DE LA SOCIEDAD DE LA INFORMACI\u00d3N. En cumplimiento con el deber de informaci\u00f3n recogido en art\u00edculo 10 de la Ley 34\/2002, de 11 de julio, de Servicios de la Sociedad de la Informaci\u00f3n y del Comercio Electr\u00f3nico, a continuaci\u00f3n se reflejan los siguientes datos: la empresa BALBONGASTRONOM\u00cdA, [&hellip;]","og_url":"https:\/\/restaurantedesac-6y86pgnv08.live-website.com\/aviso-legal\/","og_site_name":"Desacato","article_publisher":"https:\/\/www.facebook.com\/restaurante.desacato","article_modified_time":"2021-12-10T10:58:16+00:00","twitter_card":"summary_large_image","twitter_misc":{"Estimated reading time":"2 minutes"},"schema":{"@context":"https:\/\/schema.org","@graph":[{"@type":"WebPage","@id":"https:\/\/restaurantedesac-6y86pgnv08.live-website.com\/aviso-legal\/","url":"https:\/\/restaurantedesac-6y86pgnv08.live-website.com\/aviso-legal\/","name":"Aviso Legal - Desacato","isPartOf":{"@id":"https:\/\/restaurantedesac-6y86pgnv08.live-website.com\/#website"},"datePublished":"2021-12-10T10:07:23+00:00","dateModified":"2021-12-10T10:58:16+00:00","breadcrumb":{"@id":"https:\/\/restaurantedesac-6y86pgnv08.live-website.com\/aviso-legal\/#breadcrumb"},"inLanguage":"en-GB","potentialAction":[{"@type":"ReadAction","target":["https:\/\/restaurantedesac-6y86pgnv08.live-website.com\/aviso-legal\/"]}]},{"@type":"BreadcrumbList","@id":"https:\/\/restaurantedesac-6y86pgnv08.live-website.com\/aviso-legal\/#breadcrumb","itemListElement":[{"@type":"ListItem","position":1,"name":"Portada","item":"https:\/\/restaurantedesacato.com\/"},{"@type":"ListItem","position":2,"name":"Aviso Legal"}]},{"@type":"WebSite","@id":"https:\/\/restaurantedesac-6y86pgnv08.live-website.com\/#website","url":"https:\/\/restaurantedesac-6y86pgnv08.live-website.com\/","name":"Desacato","description":"Cocina Irreverente","publisher":{"@id":"https:\/\/restaurantedesac-6y86pgnv08.live-website.com\/#organization"},"potentialAction":[{"@type":"SearchAction","target":{"@type":"EntryPoint","urlTemplate":"https:\/\/restaurantedesac-6y86pgnv08.live-website.com\/?s={search_term_string}"},"query-input":{"@type":"PropertyValueSpecification","valueRequired":true,"valueName":"search_term_string"}}],"inLanguage":"en-GB"},{"@type":"Organization","@id":"https:\/\/restaurantedesac-6y86pgnv08.live-website.com\/#organization","name":"Desacato Restaurante","url":"https:\/\/restaurantedesac-6y86pgnv08.live-website.com\/","logo":{"@type":"ImageObject","inLanguage":"en-GB","@id":"https:\/\/restaurantedesac-6y86pgnv08.live-website.com\/#\/schema\/logo\/image\/","url":"https:\/\/restaurantedesacato.com\/wp-content\/uploads\/2021\/11\/logo-iso.png","contentUrl":"https:\/\/restaurantedesacato.com\/wp-content\/uploads\/2021\/11\/logo-iso.png","width":512,"height":512,"caption":"Desacato Restaurante"},"image":{"@id":"https:\/\/restaurantedesac-6y86pgnv08.live-website.com\/#\/schema\/logo\/image\/"},"sameAs":["https:\/\/www.facebook.com\/restaurante.desacato","https:\/\/www.instagram.com\/desacato.restaurante\/"]}]}},"_links":{"self":[{"href":"https:\/\/restaurantedesacato.com\/en\/wp-json\/wp\/v2\/pages\/640","targetHints":{"allow":["GET"]}}],"collection":[{"href":"https:\/\/restaurantedesacato.com\/en\/wp-json\/wp\/v2\/pages"}],"about":[{"href":"https:\/\/restaurantedesacato.com\/en\/wp-json\/wp\/v2\/types\/page"}],"author":[{"embeddable":true,"href":"https:\/\/restaurantedesacato.com\/en\/wp-json\/wp\/v2\/users\/7"}],"replies":[{"embeddable":true,"href":"https:\/\/restaurantedesacato.com\/en\/wp-json\/wp\/v2\/comments?post=640"}],"version-history":[{"count":13,"href":"https:\/\/restaurantedesacato.com\/en\/wp-json\/wp\/v2\/pages\/640\/revisions"}],"predecessor-version":[{"id":670,"href":"https:\/\/restaurantedesacato.com\/en\/wp-json\/wp\/v2\/pages\/640\/revisions\/670"}],"wp:attachment":[{"href":"https:\/\/restaurantedesacato.com\/en\/wp-json\/wp\/v2\/media?parent=640"}],"curies":[{"name":"wp","href":"https:\/\/api.w.org\/{rel}","templated":true}]}}